{"id":5080,"date":"2026-04-04T20:22:40","date_gmt":"2026-04-04T18:22:40","guid":{"rendered":"https:\/\/amicale-montam-petanque.fr\/?page_id=5080"},"modified":"2026-04-04T20:31:29","modified_gmt":"2026-04-04T18:31:29","slug":"doublettes-mixte-veterans","status":"publish","type":"page","link":"https:\/\/amicale-montam-petanque.fr\/index.php\/doublettes-mixte-veterans\/","title":{"rendered":"Doublettes mixtes v\u00e9t\u00e9rans"},"content":{"rendered":"\n<p class=\"has-large-font-size\"><em><strong>Mardi 22 Septembre \u00e0 MIREBEAU <\/strong><\/em><\/p>\n\n\n\n<p class=\"has-medium-font-size\"><strong>Participent : <\/strong><\/p>\n\n\n\n<p class=\"has-medium-font-size\" style=\"padding-left:var(--wp--preset--spacing--60)\"><strong><mark style=\"background-color:#37e6fa;color:#ff2ab4\" class=\"has-inline-color\">POIRIER B\u00e9n\u00e9dicte &#8211; POIRIER Thierry <\/mark><\/strong><\/p>\n\n\n\n<p><\/p>\n","protected":false},"excerpt":{"rendered":"<p>Mardi 22 Septembre \u00e0 MIREBEAU Participent : POIRIER B\u00e9n\u00e9dicte &#8211; POIRIER Thierry<\/p>\n","protected":false},"author":1,"featured_media":0,"parent":0,"menu_order":0,"comment_status":"closed","ping_status":"closed","template":"","meta":{"colormag_page_container_layout":"default_layout","colormag_page_sidebar_layout":"default_layout","_EventAllDay":false,"_EventTimezone":"","_EventStartDate":"","_EventEndDate":"","_EventStartDateUTC":"","_EventEndDateUTC":"","_EventShowMap":false,"_EventShowMapLink":false,"_EventURL":"","_EventCost":"","_EventCostDescription":"","_EventCurrencySymbol":"","_EventCurrencyCode":"","_EventCurrencyPosition":"","_EventDateTimeSeparator":"","_EventTimeRangeSeparator":"","_EventOrganizerID":[],"_EventVenueID":[],"_OrganizerEmail":"","_OrganizerPhone":"","_OrganizerWebsite":"","_VenueAddress":"","_VenueCity":"","_VenueCountry":"","_VenueProvince":"","_VenueState":"","_VenueZip":"","_VenuePhone":"","_VenueURL":"","_VenueStateProvince":"","_VenueLat":"","_VenueLng":"","_VenueShowMap":false,"_VenueShowMapLink":false,"footnotes":""},"class_list":["post-5080","page","type-page","status-publish","hentry"],"_links":{"self":[{"href":"https:\/\/amicale-montam-petanque.fr\/index.php\/wp-json\/wp\/v2\/pages\/5080","targetHints":{"allow":["GET"]}}],"collection":[{"href":"https:\/\/amicale-montam-petanque.fr\/index.php\/wp-json\/wp\/v2\/pages"}],"about":[{"href":"https:\/\/amicale-montam-petanque.fr\/index.php\/wp-json\/wp\/v2\/types\/page"}],"author":[{"embeddable":true,"href":"https:\/\/amicale-montam-petanque.fr\/index.php\/wp-json\/wp\/v2\/users\/1"}],"replies":[{"embeddable":true,"href":"https:\/\/amicale-montam-petanque.fr\/index.php\/wp-json\/wp\/v2\/comments?post=5080"}],"version-history":[{"count":3,"href":"https:\/\/amicale-montam-petanque.fr\/index.php\/wp-json\/wp\/v2\/pages\/5080\/revisions"}],"predecessor-version":[{"id":5085,"href":"https:\/\/amicale-montam-petanque.fr\/index.php\/wp-json\/wp\/v2\/pages\/5080\/revisions\/5085"}],"wp:attachment":[{"href":"https:\/\/amicale-montam-petanque.fr\/index.php\/wp-json\/wp\/v2\/media?parent=5080"}],"curies":[{"name":"wp","href":"https:\/\/api.w.org\/{rel}","templated":true}]}}