{"id":1964,"date":"2025-03-11T17:49:57","date_gmt":"2025-03-11T16:49:57","guid":{"rendered":"https:\/\/amicale-montam-petanque.fr\/?page_id=1964"},"modified":"2026-01-18T11:32:08","modified_gmt":"2026-01-18T10:32:08","slug":"comptes-rendus-de-reunions","status":"publish","type":"page","link":"https:\/\/amicale-montam-petanque.fr\/index.php\/comptes-rendus-de-reunions\/","title":{"rendered":"Comptes rendus de r\u00e9unions"},"content":{"rendered":"\n<p class=\"has-xx-large-font-size\"><strong>R\u00e9union de Bureau du jeudi 8 janvier 2026 <\/strong><\/p>\n\n\n\n<div data-wp-interactive=\"core\/file\" class=\"wp-block-file\"><object data-wp-bind--hidden=\"!state.hasPdfPreview\" hidden class=\"wp-block-file__embed\" data=\"https:\/\/amicale-montam-petanque.fr\/wp-content\/uploads\/2026\/01\/CR-08-01-26-1.pdf\" type=\"application\/pdf\" style=\"width:100%;height:1010px\" aria-label=\"Embed of CR-08-01-26.\"><\/object><a id=\"wp-block-file--media-9c42ab6f-f7fc-4e22-8944-02da2c3b55ce\" href=\"https:\/\/amicale-montam-petanque.fr\/wp-content\/uploads\/2026\/01\/CR-08-01-26-1.pdf\">CR-08-01-26<\/a><a href=\"https:\/\/amicale-montam-petanque.fr\/wp-content\/uploads\/2026\/01\/CR-08-01-26-1.pdf\" class=\"wp-block-file__button wp-element-button\" download aria-describedby=\"wp-block-file--media-9c42ab6f-f7fc-4e22-8944-02da2c3b55ce\">T\u00e9l\u00e9charger<\/a><\/div>\n\n\n\n<p><\/p>\n\n\n\n<h2 class=\"wp-block-heading\">R\u00e9union de Bureau du jeudi 27 novembre 2025<\/h2>\n\n\n\n<div data-wp-interactive=\"core\/file\" class=\"wp-block-file\"><object data-wp-bind--hidden=\"!state.hasPdfPreview\" hidden class=\"wp-block-file__embed\" data=\"https:\/\/amicale-montam-petanque.fr\/wp-content\/uploads\/2025\/11\/CR-27-11-2025.pdf\" type=\"application\/pdf\" style=\"width:100%;height:300px\" aria-label=\"Embed of CR 27-11-2025.\"><\/object><a id=\"wp-block-file--media-5d87c113-f0a5-4535-a5e3-481af2a2c449\" href=\"https:\/\/amicale-montam-petanque.fr\/wp-content\/uploads\/2025\/11\/CR-27-11-2025.pdf\">CR 27-11-2025<\/a><a href=\"https:\/\/amicale-montam-petanque.fr\/wp-content\/uploads\/2025\/11\/CR-27-11-2025.pdf\" class=\"wp-block-file__button wp-element-button\" download aria-describedby=\"wp-block-file--media-5d87c113-f0a5-4535-a5e3-481af2a2c449\">T\u00e9l\u00e9charger<\/a><\/div>\n\n\n\n<p><\/p>\n\n\n\n<p><\/p>\n\n\n\n<h2 class=\"wp-block-heading\"><strong><mark style=\"background-color:#b0a521\" class=\"has-inline-color\">ASSEMBL\u00c9E G\u00c9N\u00c9RALE DU VENDREDI 21 NOVEMBRE 2025<\/mark><\/strong><\/h2>\n\n\n\n<div data-wp-interactive=\"core\/file\" class=\"wp-block-file\"><object data-wp-bind--hidden=\"!state.hasPdfPreview\" hidden class=\"wp-block-file__embed\" data=\"https:\/\/amicale-montam-petanque.fr\/wp-content\/uploads\/2025\/11\/Compte-rendu-AG-2025.pdf\" type=\"application\/pdf\" style=\"width:100%;height:290px\" aria-label=\"Embed of Compte rendu AG 2025.\"><\/object><a id=\"wp-block-file--media-5971e379-7b61-46f5-abbc-41a6197d462c\" href=\"https:\/\/amicale-montam-petanque.fr\/wp-content\/uploads\/2025\/11\/Compte-rendu-AG-2025.pdf\">Compte rendu AG 2025<\/a><a href=\"https:\/\/amicale-montam-petanque.fr\/wp-content\/uploads\/2025\/11\/Compte-rendu-AG-2025.pdf\" class=\"wp-block-file__button wp-element-button\" download aria-describedby=\"wp-block-file--media-5971e379-7b61-46f5-abbc-41a6197d462c\">T\u00e9l\u00e9charger<\/a><\/div>\n\n\n\n<h2 class=\"wp-block-heading\"><strong>R\u00e9union du lundi 28 juillet 2025<\/strong><\/h2>\n\n\n\n<div data-wp-interactive=\"core\/file\" class=\"wp-block-file\"><object data-wp-bind--hidden=\"!state.hasPdfPreview\" hidden class=\"wp-block-file__embed\" data=\"https:\/\/amicale-montam-petanque.fr\/wp-content\/uploads\/2025\/08\/Reunion-de-bureau-du-lundi-28-juillet-2025.pdf\" type=\"application\/pdf\" style=\"width:100%;height:270px\" aria-label=\"Embed of R\u00e9union de bureau du lundi 28 juillet 2025.\"><\/object><a id=\"wp-block-file--media-c3f9a0c7-e679-4097-ac07-64d15924e1e0\" href=\"https:\/\/amicale-montam-petanque.fr\/wp-content\/uploads\/2025\/08\/Reunion-de-bureau-du-lundi-28-juillet-2025.pdf\">R\u00e9union de bureau du lundi 28 juillet 2025<\/a><a href=\"https:\/\/amicale-montam-petanque.fr\/wp-content\/uploads\/2025\/08\/Reunion-de-bureau-du-lundi-28-juillet-2025.pdf\" class=\"wp-block-file__button wp-element-button\" download aria-describedby=\"wp-block-file--media-c3f9a0c7-e679-4097-ac07-64d15924e1e0\">T\u00e9l\u00e9charger<\/a><\/div>\n\n\n\n<p><\/p>\n\n\n\n<h2 class=\"wp-block-heading\"><\/h2>\n\n\n\n<p><\/p>\n\n\n\n<h2 class=\"wp-block-heading\"><\/h2>\n\n\n\n<h2 class=\"wp-block-heading\" style=\"margin-top:var(--wp--preset--spacing--60);margin-bottom:var(--wp--preset--spacing--20)\"><\/h2>\n\n\n\n<h2 class=\"wp-block-heading\" style=\"margin-top:var(--wp--preset--spacing--80);margin-bottom:var(--wp--preset--spacing--20)\"><\/h2>\n\n\n\n<h2 class=\"wp-block-heading\" style=\"padding-top:var(--wp--preset--spacing--80);padding-bottom:var(--wp--preset--spacing--20)\"><\/h2>\n\n\n\n<p><\/p>\n","protected":false},"excerpt":{"rendered":"<p>R\u00e9union de Bureau du jeudi 8 janvier 2026 R\u00e9union de Bureau du jeudi 27 novembre 2025 ASSEMBL\u00c9E G\u00c9N\u00c9RALE DU VENDREDI<\/p>\n","protected":false},"author":1,"featured_media":0,"parent":0,"menu_order":0,"comment_status":"closed","ping_status":"closed","template":"","meta":{"colormag_page_container_layout":"default_layout","colormag_page_sidebar_layout":"default_layout","_EventAllDay":false,"_EventTimezone":"","_EventStartDate":"","_EventEndDate":"","_EventStartDateUTC":"","_EventEndDateUTC":"","_EventShowMap":false,"_EventShowMapLink":false,"_EventURL":"","_EventCost":"","_EventCostDescription":"","_EventCurrencySymbol":"","_EventCurrencyCode":"","_EventCurrencyPosition":"","_EventDateTimeSeparator":"","_EventTimeRangeSeparator":"","_EventOrganizerID":[],"_EventVenueID":[],"_OrganizerEmail":"","_OrganizerPhone":"","_OrganizerWebsite":"","_VenueAddress":"","_VenueCity":"","_VenueCountry":"","_VenueProvince":"","_VenueState":"","_VenueZip":"","_VenuePhone":"","_VenueURL":"","_VenueStateProvince":"","_VenueLat":"","_VenueLng":"","_VenueShowMap":false,"_VenueShowMapLink":false,"footnotes":""},"class_list":["post-1964","page","type-page","status-publish","hentry"],"_links":{"self":[{"href":"https:\/\/amicale-montam-petanque.fr\/index.php\/wp-json\/wp\/v2\/pages\/1964","targetHints":{"allow":["GET"]}}],"collection":[{"href":"https:\/\/amicale-montam-petanque.fr\/index.php\/wp-json\/wp\/v2\/pages"}],"about":[{"href":"https:\/\/amicale-montam-petanque.fr\/index.php\/wp-json\/wp\/v2\/types\/page"}],"author":[{"embeddable":true,"href":"https:\/\/amicale-montam-petanque.fr\/index.php\/wp-json\/wp\/v2\/users\/1"}],"replies":[{"embeddable":true,"href":"https:\/\/amicale-montam-petanque.fr\/index.php\/wp-json\/wp\/v2\/comments?post=1964"}],"version-history":[{"count":23,"href":"https:\/\/amicale-montam-petanque.fr\/index.php\/wp-json\/wp\/v2\/pages\/1964\/revisions"}],"predecessor-version":[{"id":4436,"href":"https:\/\/amicale-montam-petanque.fr\/index.php\/wp-json\/wp\/v2\/pages\/1964\/revisions\/4436"}],"wp:attachment":[{"href":"https:\/\/amicale-montam-petanque.fr\/index.php\/wp-json\/wp\/v2\/media?parent=1964"}],"curies":[{"name":"wp","href":"https:\/\/api.w.org\/{rel}","templated":true}]}}