{"id":1598,"date":"2025-03-07T09:57:13","date_gmt":"2025-03-07T08:57:13","guid":{"rendered":"https:\/\/amicale-montam-petanque.fr\/?page_id=1598"},"modified":"2026-04-13T18:12:58","modified_gmt":"2026-04-13T16:12:58","slug":"affiches-des-concours","status":"publish","type":"page","link":"https:\/\/amicale-montam-petanque.fr\/index.php\/affiches-des-concours\/","title":{"rendered":"Flyers des concours :"},"content":{"rendered":"\n<p class=\"has-xx-large-font-size\"><strong><mark style=\"background-color:#26f312\" class=\"has-inline-color\">Pour voir le flyer :<\/mark><\/strong><\/p>\n\n\n\n<p class=\"has-xx-large-font-size\" style=\"margin-left:0;padding-left:var(--wp--preset--spacing--60)\"><strong>-) sur les ordinateurs, <mark style=\"background-color:rgba(0, 0, 0, 0);color:#f1b23f\" class=\"has-inline-color\">cliquer<\/mark> sur le nom en <mark style=\"background-color:rgba(0, 0, 0, 0)\" class=\"has-inline-color has-vivid-red-color\">rouge<\/mark>.<\/strong><\/p>\n\n\n\n<p class=\"has-xx-large-font-size\" style=\"padding-left:var(--wp--preset--spacing--60)\"><strong>-) sur les portables ou les tablettes, si le clic ne fonctionne pas, <mark style=\"background-color:rgba(0, 0, 0, 0);color:#f8c33e\" class=\"has-inline-color\">faire un appui long<\/mark> sur le nom en <mark style=\"background-color:rgba(0, 0, 0, 0);color:#fa2020\" class=\"has-inline-color\">rouge<\/mark> et cliquer sur &#8220;Ouvrir avec Drive&#8221; ou &#8220;t\u00e9l\u00e9charger&#8221;.<\/strong><\/p>\n\n\n\n<p class=\"has-x-large-font-size\" style=\"padding-top:var(--wp--preset--spacing--80)\"><strong><mark style=\"background-color:#491efc\" class=\"has-inline-color has-white-color\">Concours d&#8217;hiver 2025-2026 (amicaux) :<\/mark><\/strong><\/p>\n\n\n\n<p style=\"padding-left:var(--wp--preset--spacing--60)\"><strong><a href=\"http:\/\/amicale-montam-petanque.fr\/wp-content\/uploads\/2026\/02\/Les-Mercredis-de-Montamise.pdf\">Les mercredis de MONTAMIS\u00c9<\/a> (concours en doublette v\u00e9t\u00e9rans &#8211; <mark style=\"background-color:rgba(0, 0, 0, 0)\" class=\"has-inline-color has-vivid-cyan-blue-color\">amicaux<\/mark>)<\/strong><\/p>\n\n\n\n<p style=\"padding-left:var(--wp--preset--spacing--60)\"><strong><a href=\"http:\/\/amicale-montam-petanque.fr\/wp-content\/uploads\/2026\/02\/NOUAILLE-Concours-amicaux.jpg\">NOUAILL\u00c9 <\/a>( certains jeudi, concours v\u00e9t\u00e9rans\/seniors \u00e0 14h en 4 parties &#8211; <mark style=\"background-color:rgba(0, 0, 0, 0)\" class=\"has-inline-color has-vivid-cyan-blue-color\">amicaux<\/mark>)<\/strong><\/p>\n\n\n\n<p style=\"padding-left:var(--wp--preset--spacing--60)\"><strong><a href=\"http:\/\/amicale-montam-petanque.fr\/wp-content\/uploads\/2026\/02\/USSON-concours-amicaux.jpg\">USSON <\/a>(certains mercredi, concours en doublette v\u00e9t\u00e9rans ou v\u00e9t\u00e9ran\/senior en 4 parties- <mark style=\"background-color:rgba(0, 0, 0, 0)\" class=\"has-inline-color has-vivid-cyan-blue-color\">amicaux<\/mark>)<\/strong><\/p>\n\n\n\n<p style=\"margin-top:0;margin-bottom:0;margin-left:0;padding-left:var(--wp--preset--spacing--60)\"><strong><a href=\"https:\/\/amicale-montam-petanque.fr\/wp-content\/uploads\/2025\/08\/Concours-veterans-Deux-Sevres-et-Vienne-2.pdf\" target=\"_blank\" rel=\"noreferrer noopener\">Concours dans les DEUX-SEVRES et dans la VIENNE hiver 2025 2026<\/a> (concours d&#8217;hiver v\u00e9t\u00e9rans saison 2025-2026 <mark style=\"background-color:rgba(0, 0, 0, 0)\" class=\"has-inline-color has-vivid-cyan-blue-color\">amicaux<\/mark>)<\/strong><\/p>\n\n\n\n<p><\/p>\n\n\n\n<p style=\"padding-left:var(--wp--preset--spacing--60)\"><strong><a href=\"http:\/\/amicale-montam-petanque.fr\/wp-content\/uploads\/2026\/03\/LES-ROCHES-doublette-veteran-le-lundi-et-senior-le-vendredi.jpg\">LES ROCHES PR\u00c9MARIE<\/a> (concours doublette le lundi pour les v\u00e9t\u00e9rans et le vendredi pour les seniors &#8211; <mark style=\"background-color:rgba(0, 0, 0, 0)\" class=\"has-inline-color has-vivid-cyan-blue-color\">amicaux<\/mark>)<\/strong><\/p>\n\n\n\n<p style=\"padding-left:var(--wp--preset--spacing--60)\"><strong><a href=\"http:\/\/amicale-montam-petanque.fr\/wp-content\/uploads\/2026\/02\/CISSE.jpg\">CISS\u00c9 <\/a>(concours <mark style=\"background-color:rgba(0, 0, 0, 0);color:#1254fc\" class=\"has-inline-color\">amicaux<\/mark>)<\/strong><\/p>\n\n\n\n<p style=\"padding-left:var(--wp--preset--spacing--60)\"><strong><a href=\"http:\/\/amicale-montam-petanque.fr\/wp-content\/uploads\/2026\/03\/VIVONNE-concours-amicaux.jpg\">VIVONNE <\/a>(concours <mark style=\"background-color:rgba(0, 0, 0, 0);color:#1254fc\" class=\"has-inline-color\">amicaux<\/mark>)<\/strong><\/p>\n\n\n\n<p><\/p>\n\n\n\n<p class=\"has-x-large-font-size\" style=\"padding-top:var(--wp--preset--spacing--80)\"><strong><mark style=\"background-color:#f661ea\" class=\"has-inline-color\">Concours officiels saison 2026 : <\/mark><\/strong><\/p>\n\n\n\n<p style=\"padding-left:var(--wp--preset--spacing--60)\"><strong><a href=\"http:\/\/amicale-montam-petanque.fr\/wp-content\/uploads\/2026\/02\/JAUNAY-CLAN-1-avril.jpg\">JAUNAY CLAN <\/a>(concours le 1 avril \u00e0 14h, <mark style=\"background-color:rgba(0, 0, 0, 0);color:#2e6d04\" class=\"has-inline-color\">triplettes v\u00e9t\u00e9rans <\/mark>en 4 parties &#8211; <mark style=\"background-color:rgba(0, 0, 0, 0);color:#f50808\" class=\"has-inline-color\">officiel<\/mark>)<\/strong><\/p>\n\n\n\n<p style=\"padding-left:var(--wp--preset--spacing--60)\"><strong><a href=\"http:\/\/amicale-montam-petanque.fr\/wp-content\/uploads\/2026\/02\/BEAUMONT-5-avril.jpg\">BEAUMONT<\/a> (concours le 5 avril \u00e0 8h30, doublettes seniors en 6 parties &#8211; <mark style=\"background-color:rgba(0, 0, 0, 0);color:#f70e0e\" class=\"has-inline-color\">officiel<\/mark>)<\/strong><\/p>\n\n\n\n<p style=\"padding-left:var(--wp--preset--spacing--60)\"><strong><a href=\"http:\/\/amicale-montam-petanque.fr\/wp-content\/uploads\/2026\/02\/LOUDUN-16-avril.jpg\">LOUDUN<\/a> (concours le 16 avril \u00e0 09h, <mark style=\"background-color:rgba(0, 0, 0, 0);color:#389907\" class=\"has-inline-color\">triplettes v\u00e9t\u00e9rans<\/mark> en 6 parties &#8211; <mark style=\"background-color:rgba(0, 0, 0, 0);color:#f50808\" class=\"has-inline-color\">officiel<\/mark>)<\/strong><\/p>\n\n\n\n<p style=\"padding-left:var(--wp--preset--spacing--60)\"><strong><a href=\"http:\/\/amicale-montam-petanque.fr\/wp-content\/uploads\/2026\/01\/LORETZ-DARGENTON-13-mai.jpg\">LORETZ D&#8217;ARGENTON<\/a> (concours le 13 mai \u00e0 8h30, <mark style=\"background-color:rgba(0, 0, 0, 0);color:#2d7c05\" class=\"has-inline-color\"><strong>triplettes v\u00e9t\u00e9ran<\/strong>s<\/mark> en 6 parties &#8211; <mark style=\"background-color:rgba(0, 0, 0, 0);color:#fc0707\" class=\"has-inline-color\">officiel<\/mark>)<\/strong><\/p>\n\n\n\n<p style=\"padding-left:var(--wp--preset--spacing--60)\"><strong><a href=\"http:\/\/amicale-montam-petanque.fr\/wp-content\/uploads\/2026\/02\/LA-TRIMOUILLE-concours-doublette-senior-le16-mai.jpg\">LA TRIMOUILLE<\/a> (concours le 16 mai \u00e0 9h, doublettes seniors en F2 &#8211; <mark style=\"background-color:rgba(0, 0, 0, 0);color:#f70e0e\" class=\"has-inline-color\">officiel<\/mark>)<\/strong><\/p>\n\n\n\n<p style=\"padding-left:var(--wp--preset--spacing--60)\"><strong><a href=\"http:\/\/amicale-montam-petanque.fr\/wp-content\/uploads\/2026\/02\/Calendrier-comite-concours-v2.pdf\">LOUDUN <\/a>(concours le 17 mai \u00e0 9h, doublettes mixtes seniors en 5 parties &#8211; <mark style=\"background-color:rgba(0, 0, 0, 0);color:#fb0707\" class=\"has-inline-color\">officiel<\/mark>)<\/strong><\/p>\n\n\n\n<p style=\"padding-left:var(--wp--preset--spacing--60)\"><strong><a href=\"http:\/\/amicale-montam-petanque.fr\/wp-content\/uploads\/2026\/02\/FONTAINE-LE-COMTE-19-mai.jpg\">FONTAINE LE COMTE <\/a>(concours le 19 mai \u00e0 14h, <mark style=\"background-color:rgba(0, 0, 0, 0);color:#1d6602\" class=\"has-inline-color\">doublettes v\u00e9t\u00e9rans<\/mark> en 4 parties &#8211; <mark style=\"background-color:rgba(0, 0, 0, 0);color:#fb0707\" class=\"has-inline-color\">officiel<\/mark>)<\/strong><\/p>\n\n\n\n<p style=\"padding-left:var(--wp--preset--spacing--60)\"><strong><mark style=\"background-color:rgba(0, 0, 0, 0)\" class=\"has-inline-color has-cm-color-2-color\"><a href=\"http:\/\/amicale-montam-petanque.fr\/wp-content\/uploads\/2026\/01\/CHINON-concours-veterans-20-mai-scaled.jpg\">CHINON<\/a><\/mark> (concours le 20 mai \u00e0 8h30, <mark style=\"background-color:rgba(0, 0, 0, 0);color:#2c7a05\" class=\"has-inline-color\">triplettes v\u00e9t\u00e9rans<\/mark>, en 7 parties &#8211; <mark style=\"background-color:#FFFFFF;color:#fb0808\" class=\"has-inline-color\">officiel<\/mark>)<\/strong><\/p>\n\n\n\n<p style=\"padding-top:0;padding-bottom:0;padding-left:var(--wp--preset--spacing--80)\"><a href=\"http:\/\/amicale-montam-petanque.fr\/wp-content\/uploads\/2026\/01\/CHINON-inscription-concours-veterans-20-mai-scaled.jpg\">CHINON<\/a>(<mark style=\"background-color:rgba(0, 0, 0, 0);color:#fa0a0a\" class=\"has-inline-color\">feuille d&#8217;inscription<\/mark>)<\/p>\n\n\n\n<p style=\"padding-left:var(--wp--preset--spacing--80)\"><a href=\"http:\/\/amicale-montam-petanque.fr\/wp-content\/uploads\/2026\/01\/CHINON-repas-concours-veterans-20-mai-scaled.jpg\">CHINON<\/a>(<mark style=\"background-color:rgba(0, 0, 0, 0);color:#fa1111\" class=\"has-inline-color\">feuille d&#8217;inscription repas<\/mark>)<\/p>\n\n\n\n<p style=\"padding-left:var(--wp--preset--spacing--60)\"><strong><a href=\"http:\/\/amicale-montam-petanque.fr\/wp-content\/uploads\/2026\/01\/MIREBEAU-veterans-hommes-22-mai.jpg\">MIREBEAU<\/a> (concours le 22 mai \u00e0 9h,<mark style=\"background-color:rgba(0, 0, 0, 0);color:#2a7a03\" class=\"has-inline-color\"> doublettes hommes v\u00e9t\u00e9rans <\/mark>en 6 parties &#8211; <mark style=\"background-color:rgba(0, 0, 0, 0);color:#fb0707\" class=\"has-inline-color\">officiel<\/mark>)<\/strong><\/p>\n\n\n\n<p style=\"padding-left:var(--wp--preset--spacing--60)\"><strong><a href=\"http:\/\/amicale-montam-petanque.fr\/wp-content\/uploads\/2026\/01\/MIREBEAU-veterans-femmes-22-mai.jpg\">MIREBEAU<\/a> (concours le 22 mai \u00e0 14h, <mark style=\"background-color:rgba(0, 0, 0, 0);color:#80059e\" class=\"has-inline-color\">doublettes f\u00e9minines v\u00e9t\u00e9rans<\/mark> en 4 parties &#8211; <mark style=\"background-color:rgba(0, 0, 0, 0);color:#fb0707\" class=\"has-inline-color\">officiel<\/mark>)<\/strong><\/p>\n\n\n\n<p style=\"padding-left:var(--wp--preset--spacing--60)\"><strong><a href=\"http:\/\/amicale-montam-petanque.fr\/wp-content\/uploads\/2026\/02\/Calendrier-comite-concours-v2.pdf\">SANXAY<\/a> (concours le 23 mai \u00e0 9h, doublettes mixtes seniors en F2 &#8211; <mark style=\"background-color:rgba(0, 0, 0, 0);color:#fb0707\" class=\"has-inline-color\">officiel<\/mark>)<\/strong><\/p>\n\n\n\n<p style=\"padding-left:var(--wp--preset--spacing--60)\"><strong><a href=\"http:\/\/amicale-montam-petanque.fr\/wp-content\/uploads\/2026\/01\/Saint-SAVIN-30-mai.jpg\">SAINT SAVIN<\/a> (concours le 30 mai \u00e0 8h30, triplettes mixtes seniors en 5 parties &#8211; <mark style=\"background-color:rgba(0, 0, 0, 0);color:#fb0707\" class=\"has-inline-color\">officiel<\/mark>)<\/strong><\/p>\n\n\n\n<p style=\"padding-left:var(--wp--preset--spacing--80)\"><strong><a href=\"http:\/\/amicale-montam-petanque.fr\/wp-content\/uploads\/2026\/01\/Saint-SAVIN-30-mai-inscription.jpg\">SAINT SAVIN <\/a>(inscription triplettes mixtes seniors en 5 parties &#8211; <mark style=\"background-color:rgba(0, 0, 0, 0);color:#fb0707\" class=\"has-inline-color\">officiel<\/mark>)<\/strong><\/p>\n\n\n\n<p style=\"padding-left:var(--wp--preset--spacing--60)\"><strong><a href=\"http:\/\/amicale-montam-petanque.fr\/wp-content\/uploads\/2026\/02\/LA-BOULE-NOBILIENNE-5-au-7-juin.jpg\">LA NOBILIENNE <\/a>(concours le 5 juin \u00e0 9h, <mark style=\"background-color:rgba(0, 0, 0, 0);color:#266f02\" class=\"has-inline-color\"><strong>triplettes v\u00e9t\u00e9ran<\/strong>s en F2 <\/mark>&#8211; <mark style=\"background-color:rgba(0, 0, 0, 0);color:#fc0707\" class=\"has-inline-color\">officiel<\/mark>)<\/strong><\/p>\n\n\n\n<p style=\"padding-left:var(--wp--preset--spacing--60)\"><strong><a href=\"http:\/\/amicale-montam-petanque.fr\/wp-content\/uploads\/2026\/02\/LA-BOULE-NOBILIENNE-5-au-7-juin.jpg\">LA NOBILIENNE <\/a>(concours le 6 juin \u00e0 9h, <strong>doublettes seniors<\/strong> en F2 &#8211; <mark style=\"background-color:rgba(0, 0, 0, 0);color:#fc0707\" class=\"has-inline-color\">officiel<\/mark>)<\/strong><\/p>\n\n\n\n<p style=\"padding-left:var(--wp--preset--spacing--60)\"><strong><a href=\"http:\/\/amicale-montam-petanque.fr\/wp-content\/uploads\/2026\/02\/LA-BOULE-NOBILIENNE-5-au-7-juin.jpg\">LA NOBILIENNE <\/a>(concours le 6 juin \u00e0 9h, <mark style=\"background-color:rgba(0, 0, 0, 0);color:#8708b5\" class=\"has-inline-color\"><strong>doublettes f\u00e9minines seniors<\/strong> en <strong>F2<\/strong><\/mark><strong>&#8211; <mark style=\"background-color:rgba(0, 0, 0, 0);color:#fc0707\" class=\"has-inline-color\">officiel<\/mark>)<\/strong><\/strong><\/p>\n\n\n\n<p style=\"padding-left:var(--wp--preset--spacing--60)\"><strong><a href=\"http:\/\/amicale-montam-petanque.fr\/wp-content\/uploads\/2026\/02\/LA-BOULE-NOBILIENNE-5-au-7-juin.jpg\">LA NOBILIENNE <\/a>(concours le 7 juin \u00e0 9h, <strong>triplettes mixtes seniors<\/strong> en F2 &#8211; <mark style=\"background-color:rgba(0, 0, 0, 0);color:#fc0707\" class=\"has-inline-color\">officiel<\/mark>)<\/strong><\/p>\n\n\n\n<p style=\"padding-left:var(--wp--preset--spacing--80)\"><a href=\"http:\/\/amicale-montam-petanque.fr\/wp-content\/uploads\/2026\/02\/LA-BOULE-NOBILIENNE-Inscriptions.jpg\">LA BOULE NOBILIENNE <\/a>(Inscription)<\/p>\n\n\n\n<p style=\"padding-left:var(--wp--preset--spacing--60)\"><strong><a href=\"http:\/\/amicale-montam-petanque.fr\/wp-content\/uploads\/2026\/02\/VOUNEUIL-SOUS-BIARD-26-juin.jpg\">VOUNEUIL SOUS BIARD<\/a> (concours le 26 juin \u00e0 9h, <mark style=\"background-color:rgba(0, 0, 0, 0);color:#2e8104\" class=\"has-inline-color\"><strong>triplettes v\u00e9t\u00e9ran<\/strong>s<\/mark> en 6 parties &#8211; <mark style=\"background-color:rgba(0, 0, 0, 0);color:#fc0707\" class=\"has-inline-color\">officiel<\/mark>)<\/strong><\/p>\n\n\n\n<p style=\"padding-left:var(--wp--preset--spacing--60)\"><strong><a href=\"http:\/\/amicale-montam-petanque.fr\/wp-content\/uploads\/2026\/02\/Concours-de-Bignoux-complet-5-juillet-complet.jpg\">BIGNOUX <\/a>(concours le 5 juillet \u00e0 8h30, <strong>doublettes seniors<\/strong> en 6 parties &#8211; <mark style=\"background-color:rgba(0, 0, 0, 0);color:#f70e0e\" class=\"has-inline-color\">officiel<\/mark>)<\/strong><\/p>\n\n\n\n<p style=\"padding-left:var(--wp--preset--spacing--60)\"><strong><a href=\"http:\/\/amicale-montam-petanque.fr\/wp-content\/uploads\/2026\/02\/Calendrier-comite-concours-v2.pdf\">LA NOBILIENNE <\/a>(concours le 18 juillet \u00e0 18h, <strong>triplettes seniors <\/strong>en 4 parties &#8211; <mark style=\"background-color:rgba(0, 0, 0, 0);color:#fc0707\" class=\"has-inline-color\">officiel<\/mark>)<\/strong><\/p>\n\n\n\n<p style=\"padding-left:var(--wp--preset--spacing--60)\"><strong><a href=\"http:\/\/amicale-montam-petanque.fr\/wp-content\/uploads\/2026\/02\/LUSSAC-19-juillet.jpg\">LUSSAC <\/a>(concours le 19 juillet \u00e0 8h30, <strong>doublettes seniors<\/strong> en 7 parties &#8211; <mark style=\"background-color:rgba(0, 0, 0, 0);color:#f70e0e\" class=\"has-inline-color\">officiel<\/mark>)<\/strong><\/p>\n\n\n\n<p style=\"padding-left:var(--wp--preset--spacing--60)\"><strong><a href=\"http:\/\/amicale-montam-petanque.fr\/wp-content\/uploads\/2026\/02\/Calendrier-comite-concours-v2.pdf\">GOUEX<\/a> (concours le 26 juillet \u00e0 9h, <strong>doublettes seniors<\/strong> en F2 &#8211; <mark style=\"background-color:rgba(0, 0, 0, 0);color:#f70e0e\" class=\"has-inline-color\">officiel<\/mark>)<\/strong><\/p>\n\n\n\n<p style=\"padding-left:var(--wp--preset--spacing--60)\"><strong><a href=\"http:\/\/amicale-montam-petanque.fr\/wp-content\/uploads\/2026\/02\/Calendrier-comite-concours-v2.pdf\">LA NOBILIENNE (<\/a>concours le 1 ao\u00fbt \u00e0 18h, <strong>triplettes seniors <\/strong>en 4 parties &#8211; <mark style=\"background-color:rgba(0, 0, 0, 0);color:#fc0707\" class=\"has-inline-color\">officiel<\/mark>)<\/strong><\/p>\n\n\n\n<p style=\"padding-left:var(--wp--preset--spacing--60)\"><strong><a href=\"http:\/\/amicale-montam-petanque.fr\/wp-content\/uploads\/2026\/02\/Calendrier-comite-concours-v2.pdf\">LA NOBILIENNE <\/a>(concours le 11 ao\u00fbt \u00e0 18h, <strong>triplettes seniors <\/strong>en 4 parties &#8211; <mark style=\"background-color:rgba(0, 0, 0, 0);color:#fc0707\" class=\"has-inline-color\">officiel<\/mark>)<\/strong><\/p>\n\n\n\n<p style=\"padding-left:var(--wp--preset--spacing--60)\"><strong><a href=\"http:\/\/amicale-montam-petanque.fr\/wp-content\/uploads\/2026\/02\/CENON-concours-21-au-23-aout.jpg\">CENON <\/a>(concours le 21 ao\u00fbt \u00e0 9h, <mark style=\"background-color:rgba(0, 0, 0, 0);color:#398003\" class=\"has-inline-color\"><strong>triplettes v\u00e9t\u00e9ran<\/strong>s<\/mark> en F2 &#8211; <mark style=\"background-color:rgba(0, 0, 0, 0);color:#fc0707\" class=\"has-inline-color\">officiel<\/mark>)<\/strong><\/p>\n\n\n\n<p style=\"padding-left:var(--wp--preset--spacing--60)\"><strong><a href=\"http:\/\/amicale-montam-petanque.fr\/wp-content\/uploads\/2026\/02\/CENON-concours-21-au-23-aout.jpg\">CENON <\/a>(concours le 22 ao\u00fbt \u00e0 9h, <strong>triplettes seniors<\/strong> en F2 &#8211; <mark style=\"background-color:rgba(0, 0, 0, 0);color:#fc0707\" class=\"has-inline-color\">officiel<\/mark>)<\/strong><\/p>\n\n\n\n<p style=\"padding-left:var(--wp--preset--spacing--60)\"><strong><a href=\"http:\/\/amicale-montam-petanque.fr\/wp-content\/uploads\/2026\/02\/CENON-concours-21-au-23-aout.jpg\">CENON<\/a> (concours le 22 ao\u00fbt \u00e0 9h, <strong>triplettes f\u00e9minines<\/strong> en F2 &#8211; <mark style=\"background-color:rgba(0, 0, 0, 0);color:#fc0707\" class=\"has-inline-color\">officiel<\/mark>)<\/strong><\/p>\n\n\n\n<p style=\"padding-left:var(--wp--preset--spacing--60)\"><strong><a href=\"http:\/\/amicale-montam-petanque.fr\/wp-content\/uploads\/2026\/02\/CENON-concours-21-au-23-aout.jpg\">CENON<\/a> (concours le 23 ao\u00fbt \u00e0 9h, <strong>doublettes mixtes<\/strong> en F2 &#8211; <mark style=\"background-color:rgba(0, 0, 0, 0);color:#fc0707\" class=\"has-inline-color\">officiel<\/mark>)<\/strong><\/p>\n\n\n\n<p style=\"padding-left:var(--wp--preset--spacing--60)\"><strong><a href=\"http:\/\/amicale-montam-petanque.fr\/wp-content\/uploads\/2026\/02\/Calendrier-comite-concours-v2.pdf\">YVERSAY <\/a>(concours le 23 ao\u00fbt \u00e0 9h, doublettes seniors en 6 parties &#8211; <mark style=\"background-color:rgba(0, 0, 0, 0);color:#fc0707\" class=\"has-inline-color\">officiel<\/mark>)<\/strong><\/p>\n\n\n\n<p style=\"padding-left:var(--wp--preset--spacing--60)\"><strong>MONTAMISE (concours le 25 ao\u00fbt \u00e0 08h30, triplettes v\u00e9t\u00e9rans en 6 parties &#8211; <strong><mark style=\"background-color:rgba(0, 0, 0, 0);color:#fc0707\" class=\"has-inline-color\">officiel<\/mark>)<\/strong><\/strong><\/p>\n\n\n\n<p style=\"padding-left:var(--wp--preset--spacing--60)\"><strong><a href=\"http:\/\/amicale-montam-petanque.fr\/wp-content\/uploads\/2026\/02\/Calendrier-comite-concours-v2.pdf\">MONTMORILLON <\/a>(concours le 4 septembre \u00e0 9h, <mark style=\"background-color:rgba(0, 0, 0, 0);color:#448907\" class=\"has-inline-color\"><strong>triplettes v\u00e9t\u00e9ran<\/strong>s <\/mark>en 6 parties &#8211; <mark style=\"background-color:rgba(0, 0, 0, 0);color:#fc0707\" class=\"has-inline-color\">officiel<\/mark>)<\/strong><\/p>\n\n\n\n<p style=\"padding-left:var(--wp--preset--spacing--60)\"><strong><a href=\"http:\/\/amicale-montam-petanque.fr\/wp-content\/uploads\/2026\/02\/Calendrier-comite-concours-v2.pdf\">MONTMORILLON <\/a>(concours le 5 septembre \u00e0 9h, <strong>doublettes seniors<\/strong> en F2 &#8211; <mark style=\"background-color:rgba(0, 0, 0, 0);color:#fc0707\" class=\"has-inline-color\">officiel<\/mark>)<\/strong><\/p>\n\n\n\n<p style=\"padding-left:var(--wp--preset--spacing--60)\"><strong><a href=\"http:\/\/amicale-montam-petanque.fr\/wp-content\/uploads\/2026\/02\/Calendrier-comite-concours-v2.pdf\">MONTMORILLON <\/a>(concours le 5 septembre \u00e0 9h, <strong>doublettes f\u00e9minines seniors<\/strong> en F2 &#8211; <mark style=\"background-color:rgba(0, 0, 0, 0);color:#fc0707\" class=\"has-inline-color\">officiel<\/mark>)<\/strong><\/p>\n\n\n\n<p style=\"padding-left:var(--wp--preset--spacing--60)\"><strong><a href=\"http:\/\/amicale-montam-petanque.fr\/wp-content\/uploads\/2026\/02\/NOUAILLE-11-septembre.jpg\">NOUAILL\u00c9<\/a> (concours le 11 septembre \u00e0 8h30, triplettes v\u00e9t\u00e9rans en poule + ABC  &#8211; <mark style=\"background-color:rgba(0, 0, 0, 0);color:#fc0707\" class=\"has-inline-color\">officiel<\/mark>)<\/strong><\/p>\n\n\n\n<p style=\"padding-left:var(--wp--preset--spacing--80)\"><a href=\"http:\/\/amicale-montam-petanque.fr\/wp-content\/uploads\/2026\/02\/NOUAILLE-Inscription.jpg\">NOUAILL\u00c9 <\/a>(Inscription)<\/p>\n\n\n\n<p style=\"padding-left:var(--wp--preset--spacing--60)\"><strong><a href=\"http:\/\/amicale-montam-petanque.fr\/wp-content\/uploads\/2026\/03\/ROUILLE-12-septembre.jpeg\">ROUILL\u00c9<\/a><a href=\"http:\/\/amicale-montam-petanque.fr\/wp-content\/uploads\/2026\/02\/Calendrier-comite-concours-v2.pdf\"> <\/a>(concours le 12 septembre \u00e0 8h30, <strong>triplettes seniors<\/strong> en F2 &#8211; <mark style=\"background-color:rgba(0, 0, 0, 0);color:#fc0707\" class=\"has-inline-color\">officiel<\/mark>)<\/strong><\/p>\n\n\n\n<p style=\"padding-left:var(--wp--preset--spacing--60)\"><strong><a href=\"http:\/\/amicale-montam-petanque.fr\/wp-content\/uploads\/2026\/03\/ROUILLE-12-septembre.jpeg\">ROUILL\u00c9 <\/a>(concours le 12 septembre \u00e0 9h, <strong>doublettes f\u00e9minines seniors<\/strong> en F2 &#8211; <mark style=\"background-color:rgba(0, 0, 0, 0);color:#fc0707\" class=\"has-inline-color\">officiel<\/mark>)<\/strong><\/p>\n\n\n\n<p style=\"padding-left:var(--wp--preset--spacing--60)\"><strong><a href=\"http:\/\/amicale-montam-petanque.fr\/wp-content\/uploads\/2026\/02\/Calendrier-comite-concours-v2.pdf\">SAINT JULIEN L&#8217;ARS <\/a>(concours le 26 septembre \u00e0 8h30, <strong>triplettes seniors<\/strong> en F2 &#8211; <mark style=\"background-color:rgba(0, 0, 0, 0);color:#fc0707\" class=\"has-inline-color\">officiel<\/mark>)<\/strong><\/p>\n\n\n\n<p style=\"padding-left:var(--wp--preset--spacing--60)\"><strong><a href=\"http:\/\/amicale-montam-petanque.fr\/wp-content\/uploads\/2026\/02\/Calendrier-comite-concours-v2.pdf\">LOUDUN <\/a>(concours le 25 octobre \u00e0 9h, triplettes mixtes seniors en 5 parties &#8211; <mark style=\"background-color:rgba(0, 0, 0, 0);color:#fb0707\" class=\"has-inline-color\">officiel<\/mark>)<\/strong><\/p>\n\n\n\n<p style=\"padding-left:var(--wp--preset--spacing--60)\"><strong><a href=\"http:\/\/amicale-montam-petanque.fr\/wp-content\/uploads\/2026\/02\/Calendrier-comite-concours-v2.pdf\">LOUDUN<\/a> (concours le 14 novembre \u00e0 9h, triplettes mixtes seniors en F2 &#8211; <mark style=\"background-color:rgba(0, 0, 0, 0);color:#fb0707\" class=\"has-inline-color\">officiel<\/mark>)<\/strong><\/p>\n\n\n\n<p><\/p>\n","protected":false},"excerpt":{"rendered":"<p>Pour voir le flyer : -) sur les ordinateurs, cliquer sur le nom en rouge. -) sur les portables ou<\/p>\n","protected":false},"author":1,"featured_media":0,"parent":0,"menu_order":0,"comment_status":"closed","ping_status":"closed","template":"","meta":{"colormag_page_container_layout":"default_layout","colormag_page_sidebar_layout":"default_layout","_EventAllDay":false,"_EventTimezone":"","_EventStartDate":"","_EventEndDate":"","_EventStartDateUTC":"","_EventEndDateUTC":"","_EventShowMap":false,"_EventShowMapLink":false,"_EventURL":"","_EventCost":"","_EventCostDescription":"","_EventCurrencySymbol":"","_EventCurrencyCode":"","_EventCurrencyPosition":"","_EventDateTimeSeparator":"","_EventTimeRangeSeparator":"","_EventOrganizerID":[],"_EventVenueID":[],"_OrganizerEmail":"","_OrganizerPhone":"","_OrganizerWebsite":"","_VenueAddress":"","_VenueCity":"","_VenueCountry":"","_VenueProvince":"","_VenueState":"","_VenueZip":"","_VenuePhone":"","_VenueURL":"","_VenueStateProvince":"","_VenueLat":"","_VenueLng":"","_VenueShowMap":false,"_VenueShowMapLink":false,"footnotes":""},"class_list":["post-1598","page","type-page","status-publish","hentry"],"_links":{"self":[{"href":"https:\/\/amicale-montam-petanque.fr\/index.php\/wp-json\/wp\/v2\/pages\/1598","targetHints":{"allow":["GET"]}}],"collection":[{"href":"https:\/\/amicale-montam-petanque.fr\/index.php\/wp-json\/wp\/v2\/pages"}],"about":[{"href":"https:\/\/amicale-montam-petanque.fr\/index.php\/wp-json\/wp\/v2\/types\/page"}],"author":[{"embeddable":true,"href":"https:\/\/amicale-montam-petanque.fr\/index.php\/wp-json\/wp\/v2\/users\/1"}],"replies":[{"embeddable":true,"href":"https:\/\/amicale-montam-petanque.fr\/index.php\/wp-json\/wp\/v2\/comments?post=1598"}],"version-history":[{"count":349,"href":"https:\/\/amicale-montam-petanque.fr\/index.php\/wp-json\/wp\/v2\/pages\/1598\/revisions"}],"predecessor-version":[{"id":5124,"href":"https:\/\/amicale-montam-petanque.fr\/index.php\/wp-json\/wp\/v2\/pages\/1598\/revisions\/5124"}],"wp:attachment":[{"href":"https:\/\/amicale-montam-petanque.fr\/index.php\/wp-json\/wp\/v2\/media?parent=1598"}],"curies":[{"name":"wp","href":"https:\/\/api.w.org\/{rel}","templated":true}]}}